{"id":107,"date":"2024-04-29T00:34:08","date_gmt":"2024-04-28T22:34:08","guid":{"rendered":"https:\/\/newwwb2.webmasterki.pl\/?page_id=107"},"modified":"2024-05-12T17:10:30","modified_gmt":"2024-05-12T15:10:30","slug":"o-mnie","status":"publish","type":"page","link":"https:\/\/newwwb2.webmasterki.pl\/index.php\/o-mnie\/","title":{"rendered":"O mnie"},"content":{"rendered":"\n<div class=\"wp-block-group alignfull shop has-global-padding is-layout-constrained wp-container-core-group-is-layout-a80f4891 wp-block-group-is-layout-constrained\" style=\"margin-top:0;margin-bottom:0;padding-top:var(--wp--preset--spacing--40);padding-right:var(--wp--preset--spacing--40);padding-bottom:var(--wp--preset--spacing--40);padding-left:var(--wp--preset--spacing--40)\">\n<div class=\"wp-block-columns is-layout-flex wp-container-core-columns-is-layout-7fc3d43a wp-block-columns-is-layout-flex\">\n<div class=\"wp-block-column is-vertically-aligned-center is-layout-flow wp-block-column-is-layout-flow\">\n<figure class=\"wp-block-image size-large\"><img loading=\"lazy\" decoding=\"async\" width=\"768\" height=\"1024\" src=\"https:\/\/newwwb2.webmasterki.pl\/wp-content\/uploads\/2024\/05\/monika-luc-webmasterki-1-768x1024.jpg\" alt=\"\" class=\"wp-image-406\" style=\"aspect-ratio:3\/4;object-fit:contain\" srcset=\"https:\/\/newwwb2.webmasterki.pl\/wp-content\/uploads\/2024\/05\/monika-luc-webmasterki-1-768x1024.jpg 768w, https:\/\/newwwb2.webmasterki.pl\/wp-content\/uploads\/2024\/05\/monika-luc-webmasterki-1-225x300.jpg 225w, https:\/\/newwwb2.webmasterki.pl\/wp-content\/uploads\/2024\/05\/monika-luc-webmasterki-1-1152x1536.jpg 1152w, https:\/\/newwwb2.webmasterki.pl\/wp-content\/uploads\/2024\/05\/monika-luc-webmasterki-1.jpg 1500w\" sizes=\"auto, (max-width: 768px) 100vw, 768px\" \/><\/figure>\n<\/div>\n\n\n\n<div class=\"wp-block-column is-layout-flow wp-block-column-is-layout-flow\">\n<div class=\"wp-block-group is-nowrap is-layout-flex wp-container-core-group-is-layout-f66f9956 wp-block-group-is-layout-flex\">\n<div class=\"wp-block-group has-global-padding is-layout-constrained wp-block-group-is-layout-constrained\">\n<div class=\"wp-block-group has-border-color has-accent-5-border-color has-global-padding is-layout-constrained wp-container-core-group-is-layout-86dba5ee wp-block-group-is-layout-constrained\" style=\"border-width:1px;padding-top:var(--wp--preset--spacing--10);padding-right:var(--wp--preset--spacing--10);padding-bottom:var(--wp--preset--spacing--10);padding-left:var(--wp--preset--spacing--10)\">\n<h2 class=\"wp-block-heading\">Monika \u0141u\u0107 &#8211; Twoja przewodniczka po \u015bwiecie internetu<\/h2>\n\n\n\n<p><em>Freelancerka | WordPress Developerka | Przedsi\u0119biorczymi<\/em><\/p>\n\n\n\n<p>Webmasterka specjalizuj\u0105ca si\u0119 w WordPressie.<\/p>\n<\/div>\n\n\n\n<p>Cze\u015b\u0107! Jestem Monika, tw\u00f3rczyni\u0105 i sercem marki WEBMASTERKI. Moja pasja do projektowania stron internetowych narodzi\u0142a si\u0119 z fascynacji mo\u017cliwo\u015bciami, jakie oferuje Internet. Ale to nie wszystko, co musisz o mnie wiedzie\u0107.<\/p>\n\n\n\n<p>Dzi\u0119ki mojemu do\u015bwiadczeniu na studiach pedagogicznych, lepiej rozumiem Twoje potrzeby w sieci. <strong>To w\u0142a\u015bnie ta uwaga na Twoje oczekiwania sprawia, \u017ce moje projekty s\u0105 bardziej anga\u017cuj\u0105ce i dost\u0119pne dla ka\u017cdej z nas.<\/strong><\/p>\n\n\n\n<p>Korzystaj\u0105c z moich us\u0142ug, zyskujesz profesjonalne strony internetowe, stale doskonalone dzi\u0119ki analizie i ocenie efektywno\u015bci. <strong>Moja troska o r\u00f3\u017cnorodno\u015b\u0107 sprawia, \u017ce tworz\u0119 strony, dost\u0119pne dla ka\u017cdej z nas, niezale\u017cnie od wieku czy umiej\u0119tno\u015bci.<\/strong><\/p>\n\n\n\n<p>Ale to nie koniec. Moje kreatywne metody nauczania inspiruj\u0105 mnie do tworzenia innowacyjnych rozwi\u0105za\u0144, kt\u00f3re przyci\u0105gaj\u0105 uwag\u0119 i zapadaj\u0105 w pami\u0119\u0107. Jako Twoja przewodniczka w dynamicznym \u015bwiecie Internetu, moje pasje, do\u015bwiadczenie i zaanga\u017cowanie s\u0105 do Twojej dyspozycji. <strong>Gotowa na t\u0119 niezwyk\u0142\u0105 podr\u00f3\u017c?<\/strong><\/p>\n<\/div>\n<\/div>\n<\/div>\n<\/div>\n<\/div>\n\n\n\n<div class=\"wp-block-group alignfull has-contrast-background-color has-background has-global-padding is-layout-constrained wp-container-core-group-is-layout-c816cdf9 wp-block-group-is-layout-constrained\" style=\"margin-top:0;margin-bottom:0;padding-top:var(--wp--preset--spacing--40);padding-right:var(--wp--preset--spacing--40);padding-bottom:var(--wp--preset--spacing--40);padding-left:var(--wp--preset--spacing--40)\">\n<div class=\"wp-block-columns is-layout-flex wp-container-core-columns-is-layout-7fc3d43a wp-block-columns-is-layout-flex\">\n<div class=\"wp-block-column is-vertically-aligned-center is-layout-flow wp-block-column-is-layout-flow\">\n<div class=\"wp-block-group is-nowrap is-layout-flex wp-container-core-group-is-layout-f66f9956 wp-block-group-is-layout-flex\">\n<div class=\"wp-block-group has-global-padding is-layout-constrained wp-block-group-is-layout-constrained\">\n<h2 class=\"wp-block-heading\">Historia za\u0142o\u017cenia marki WEBMASTERKI<\/h2>\n\n\n\n<hr class=\"wp-block-separator alignfull has-text-color has-base-color has-alpha-channel-opacity has-base-background-color has-background is-style-wide\"\/>\n\n\n\n<p>Droga podr\u00f3\u017cniczko, przenie\u015bmy si\u0119 w czasie do roku 2015. To by\u0142 moment, gdy \u015bwiat Internetu sta\u0142 si\u0119 dla mnie jak nieodkryty l\u0105d pe\u0142en mo\u017cliwo\u015bci. Wtedy by\u0142am tylko m\u0142od\u0105 kobiet\u0105 pe\u0142n\u0105 pasji do nowych wyzwa\u0144.<\/p>\n\n\n\n<p>To by\u0142 m\u00f3j pierwszy krok w wirtualny \u015bwiat biznesowych mo\u017cliwo\u015bci. Stan\u0119\u0142am przed zadaniem, kt\u00f3rego wtedy jeszcze nie do ko\u0144ca rozumia\u0142am \u2013 stworzy\u0107 pierwsz\u0105 stron\u0119 internetow\u0105 dla mojego lokalnego przedsi\u0119biorstwa. To by\u0142 moment, kt\u00f3ry rozpocz\u0105\u0142 fascynuj\u0105c\u0105 podr\u00f3\u017c, prowadz\u0105c\u0105 mnie przez zakamarki kodu, ale tak\u017ce przez zakamarki samej siebie.<\/p>\n\n\n\n<p>Godziny, dni, tygodnie sp\u0119dza\u0142am przed komputerem, zg\u0142\u0119biaj\u0105c tajemnice projektowania opartego na WordPressie. By\u0142y chwile triumfu, kiedy m\u00f3j kod o\u017cywa\u0142 na ekranie, ale te\u017c chwile zw\u0105tpienia, gdy wszystko wydawa\u0142o si\u0119 by\u0107 nie do ogarni\u0119cia. <strong>Ka\u017cdy b\u0142\u0105d by\u0142 dla mnie cenn\u0105 lekcj\u0105, ka\u017cde zwyci\u0119stwo krokiem naprz\u00f3d w mojej ewolucji jako projektantki stron internetowych.<\/strong><\/p>\n\n\n\n<p><strong>Narodziny marki WEBMASTERKI by\u0142y jak ol\u015bnienie \u2013 po\u0142\u0105czenie mojej pasji, po\u015bwi\u0119cenia i zdobytego do\u015bwiadczenia w jedn\u0105 pot\u0119\u017cn\u0105 si\u0142\u0119.<\/strong> To nie by\u0142o tylko stworzenie kolejnej marki \u2013 to by\u0142o stworzenie obietnicy wsparcia dla wszystkich, kt\u00f3re marz\u0105 o swoim miejscu w wirtualnym \u015bwiecie. WEBMASTERKA sta\u0142a si\u0119 symbolem jako\u015bci, pasji i determinacji.<\/p>\n<\/div>\n<\/div>\n<\/div>\n\n\n\n<div class=\"wp-block-column is-layout-flow wp-block-column-is-layout-flow\">\n<figure class=\"wp-block-image size-large\"><img loading=\"lazy\" decoding=\"async\" width=\"682\" height=\"1024\" src=\"https:\/\/newwwb2.webmasterki.pl\/wp-content\/uploads\/2024\/04\/webmasterka-praca-nad-strona-internetowa-historia-zalozenia-682x1024.jpg\" alt=\"\" class=\"wp-image-190\" style=\"aspect-ratio:3\/4;object-fit:cover\" srcset=\"https:\/\/newwwb2.webmasterki.pl\/wp-content\/uploads\/2024\/04\/webmasterka-praca-nad-strona-internetowa-historia-zalozenia-682x1024.jpg 682w, https:\/\/newwwb2.webmasterki.pl\/wp-content\/uploads\/2024\/04\/webmasterka-praca-nad-strona-internetowa-historia-zalozenia-200x300.jpg 200w, https:\/\/newwwb2.webmasterki.pl\/wp-content\/uploads\/2024\/04\/webmasterka-praca-nad-strona-internetowa-historia-zalozenia-768x1152.jpg 768w, https:\/\/newwwb2.webmasterki.pl\/wp-content\/uploads\/2024\/04\/webmasterka-praca-nad-strona-internetowa-historia-zalozenia-1024x1536.jpg 1024w, https:\/\/newwwb2.webmasterki.pl\/wp-content\/uploads\/2024\/04\/webmasterka-praca-nad-strona-internetowa-historia-zalozenia.jpg 1333w\" sizes=\"auto, (max-width: 682px) 100vw, 682px\" \/><\/figure>\n<\/div>\n<\/div>\n<\/div>\n\n\n\n<div class=\"wp-block-group alignfull has-contrast-color has-base-2-background-color has-text-color has-background has-link-color wp-elements-cd6b1842eeee7546abea542196eab978 has-global-padding is-layout-constrained wp-container-core-group-is-layout-c816cdf9 wp-block-group-is-layout-constrained\" style=\"margin-top:0;margin-bottom:0;padding-top:var(--wp--preset--spacing--40);padding-right:var(--wp--preset--spacing--40);padding-bottom:var(--wp--preset--spacing--40);padding-left:var(--wp--preset--spacing--40)\">\n<h2 class=\"wp-block-heading has-text-align-center has-contrast-color has-text-color has-link-color wp-elements-729cf61131e174c6a88fc2d662981dcd\">Dlaczego warto ze mn\u0105 pracowa\u0107?<\/h2>\n\n\n\n<div class=\"wp-block-columns has-accent-2-color has-text-color has-link-color wp-elements-63e05fc011a0bd0682f350515fbd3017 is-layout-flex wp-container-core-columns-is-layout-08c01c1c wp-block-columns-is-layout-flex\">\n<div class=\"wp-block-column is-layout-flow wp-block-column-is-layout-flow\">\n<h3 class=\"wp-block-heading has-text-align-center has-contrast-color has-text-color has-link-color wp-elements-ef5566627f407845da69779d9fe87104\">#1<br>Do\u015bwiadczenie i wiedza<\/h3>\n\n\n\n<p class=\"has-text-align-center\">Moje lata pracy nad doskonaleniem umiej\u0119tno\u015bci zapewniaj\u0105 profesjonalne podej\u015bcie i najwy\u017csz\u0105 jako\u015b\u0107 us\u0142ug.<\/p>\n<\/div>\n\n\n\n<div class=\"wp-block-column is-layout-flow wp-block-column-is-layout-flow\">\n<h3 class=\"wp-block-heading has-text-align-center has-contrast-color has-text-color has-link-color wp-elements-f1f0bcfa5303c03a6ae7a5b1d0cff9d1\">#2<br>Indywidualne podej\u015bcie<\/h3>\n\n\n\n<p class=\"has-text-align-center has-base-font-size\">Spersonalizowane rozwi\u0105zania dostosowane do Twoich potrzeb i cel\u00f3w biznesowych.<\/p>\n<\/div>\n\n\n\n<div class=\"wp-block-column is-layout-flow wp-block-column-is-layout-flow\">\n<h3 class=\"wp-block-heading has-text-align-center has-contrast-color has-text-color has-link-color wp-elements-8bcec54173c08b0bd21250f5f3f44ca7\">#3<br>Sukcesy<br>klient\u00f3w<\/h3>\n\n\n\n<p class=\"has-text-align-center has-base-font-size\">Dotychczasowe osi\u0105gni\u0119cia i zadowolenie klient\u00f3w \u015bwiadcz\u0105 o skuteczno\u015bci moich us\u0142ug i zdolno\u015bci do realizacji cel\u00f3w biznesowych.<\/p>\n<\/div>\n<\/div>\n<\/div>\n\n\n\n<div class=\"wp-block-group alignfull has-accent-background-color has-background has-global-padding is-layout-constrained wp-container-core-group-is-layout-c816cdf9 wp-block-group-is-layout-constrained\" style=\"margin-top:0;margin-bottom:0;padding-top:var(--wp--preset--spacing--40);padding-right:var(--wp--preset--spacing--40);padding-bottom:var(--wp--preset--spacing--40);padding-left:var(--wp--preset--spacing--40)\">\n<div class=\"wp-block-columns is-layout-flex wp-container-core-columns-is-layout-28f84493 wp-block-columns-is-layout-flex\">\n<div class=\"wp-block-column is-vertically-aligned-center is-layout-flow wp-block-column-is-layout-flow\">\n<h2 class=\"wp-block-heading has-main-color has-text-color has-link-color wp-elements-78bfbd0f9863155717920a5ab641911b\">Jak mog\u0119 Ci pom\u00f3c?<\/h2>\n\n\n\n<p>Magiczny \u015bwiat mo\u017cliwo\u015bci zaprasza Cie do siebie, gdzie Twoje marzenia staj\u0105 si\u0119 wirtualn\u0105 rzeczywisto\u015bci\u0105. Razem mo\u017cemy przekroczy\u0107 granice obecno\u015bci online i osi\u0105gn\u0105\u0107 cele, o kt\u00f3rych zawsze marzy\u0142a\u015b. Oto jak mog\u0119 wesprze\u0107 Tw\u00f3j biznes:<\/p>\n\n\n\n<ol class=\"wp-block-list\">\n<li><strong>Strony wizyt\u00f3wki:<\/strong> Pozw\u00f3l swojej marce za\u015bwieci\u0107 si\u0119 w \u015bwietle online, przyci\u0105gaj\u0105c uwag\u0119 potencjalnych klientek i tworz\u0105c trwa\u0142e pierwsze wra\u017cenie.<\/li>\n\n\n\n<li><strong>Sklepy online:<\/strong> Oferuj swoje produkty w wyj\u0105tkowym stylu, prowadz\u0105c klientki przez magiczne korytarze Twojego wirtualnego sklepu, gdzie zakupy staj\u0105 si\u0119 niezapomnian\u0105 podr\u00f3\u017c\u0105.<\/li>\n\n\n\n<li><strong>Platformy kursowe:<\/strong> Podziel si\u0119 swoj\u0105 wiedz\u0105 i pasj\u0105, tworz\u0105c interaktywne kursy, kt\u00f3re nie tylko edukuj\u0105, ale tak\u017ce inspiruj\u0105 inne kobiety do osi\u0105gania swoich cel\u00f3w.<\/li>\n\n\n\n<li><strong>Landing page:<\/strong> Stw\u00f3rz miejsce, kt\u00f3re przywita Twoich go\u015bci ciep\u0142em i profesjonalizmem, prowadz\u0105c ich przez etap konwersji z wdzi\u0119kiem i skuteczno\u015bci\u0105.<\/li>\n<\/ol>\n\n\n\n<p>Daj mi szans\u0119 towarzyszenia Ci w tej podr\u00f3\u017cy. Razem mo\u017cemy osi\u0105gn\u0105\u0107 wi\u0119cej ni\u017c kiedykolwiek my\u015bla\u0142a\u015b, \u017ce to mo\u017cliwe. <strong>Wype\u0142nij formularz kontaktowy, a z przyjemno\u015bci\u0105 odpowiem na Twoje pytania i rozpoczniemy nasz\u0105 wsp\u00f3ln\u0105 podr\u00f3\u017c do sukcesu online!<\/strong><\/p>\n<\/div>\n\n\n\n<div class=\"wp-block-column is-layout-flow wp-block-column-is-layout-flow\">\n<figure class=\"wp-block-image size-large\"><img loading=\"lazy\" decoding=\"async\" width=\"767\" height=\"1024\" src=\"https:\/\/newwwb2.webmasterki.pl\/wp-content\/uploads\/2024\/05\/IMG_20240512_133730-767x1024.jpg\" alt=\"\" class=\"wp-image-411\" style=\"aspect-ratio:3\/4;object-fit:cover\" srcset=\"https:\/\/newwwb2.webmasterki.pl\/wp-content\/uploads\/2024\/05\/IMG_20240512_133730-767x1024.jpg 767w, https:\/\/newwwb2.webmasterki.pl\/wp-content\/uploads\/2024\/05\/IMG_20240512_133730-225x300.jpg 225w, https:\/\/newwwb2.webmasterki.pl\/wp-content\/uploads\/2024\/05\/IMG_20240512_133730-768x1025.jpg 768w, https:\/\/newwwb2.webmasterki.pl\/wp-content\/uploads\/2024\/05\/IMG_20240512_133730-1151x1536.jpg 1151w, https:\/\/newwwb2.webmasterki.pl\/wp-content\/uploads\/2024\/05\/IMG_20240512_133730.jpg 1499w\" sizes=\"auto, (max-width: 767px) 100vw, 767px\" \/><\/figure>\n<\/div>\n<\/div>\n<\/div>\n","protected":false},"excerpt":{"rendered":"<p>Monika \u0141u\u0107 &#8211; Twoja przewodniczka po \u015bwiecie internetu Freelancerka | WordPress Developerka | Przedsi\u0119biorczymi Webmasterka specjalizuj\u0105ca si\u0119 w WordPressie. Cze\u015b\u0107! Jestem Monika, tw\u00f3rczyni\u0105 i sercem marki WEBMASTERKI. Moja pasja do projektowania stron internetowych narodzi\u0142a si\u0119 z fascynacji mo\u017cliwo\u015bciami, jakie oferuje Internet. Ale to nie wszystko, co musisz o mnie wiedzie\u0107. Dzi\u0119ki mojemu do\u015bwiadczeniu na studiach [&hellip;]<\/p>\n","protected":false},"author":1,"featured_media":0,"parent":0,"menu_order":0,"comment_status":"closed","ping_status":"closed","template":"","meta":{"footnotes":""},"class_list":["post-107","page","type-page","status-publish","hentry"],"_links":{"self":[{"href":"https:\/\/newwwb2.webmasterki.pl\/index.php\/wp-json\/wp\/v2\/pages\/107","targetHints":{"allow":["GET"]}}],"collection":[{"href":"https:\/\/newwwb2.webmasterki.pl\/index.php\/wp-json\/wp\/v2\/pages"}],"about":[{"href":"https:\/\/newwwb2.webmasterki.pl\/index.php\/wp-json\/wp\/v2\/types\/page"}],"author":[{"embeddable":true,"href":"https:\/\/newwwb2.webmasterki.pl\/index.php\/wp-json\/wp\/v2\/users\/1"}],"replies":[{"embeddable":true,"href":"https:\/\/newwwb2.webmasterki.pl\/index.php\/wp-json\/wp\/v2\/comments?post=107"}],"version-history":[{"count":28,"href":"https:\/\/newwwb2.webmasterki.pl\/index.php\/wp-json\/wp\/v2\/pages\/107\/revisions"}],"predecessor-version":[{"id":412,"href":"https:\/\/newwwb2.webmasterki.pl\/index.php\/wp-json\/wp\/v2\/pages\/107\/revisions\/412"}],"wp:attachment":[{"href":"https:\/\/newwwb2.webmasterki.pl\/index.php\/wp-json\/wp\/v2\/media?parent=107"}],"curies":[{"name":"wp","href":"https:\/\/api.w.org\/{rel}","templated":true}]}}